{"id":4957,"date":"2024-11-07T23:42:27","date_gmt":"2024-11-07T22:42:27","guid":{"rendered":"https:\/\/divines.vendre-ses-pieds.fr\/pieds-sales\/"},"modified":"2025-01-12T16:20:25","modified_gmt":"2025-01-12T15:20:25","slug":"pieds-sales","status":"publish","type":"product","link":"https:\/\/divines.vendre-ses-pieds.fr\/az\/pieds-sales\/","title":{"rendered":"\u00c7irkli ayaqlar"},"content":{"rendered":"<div class=\"product-short-description\">\n<p>Onlar\u0131n \u015firinliyini yenid\u0259n k\u0259\u015ff etm\u0259k \u00fc\u00e7\u00fcn bir az q\u0259hv\u0259 hovuzu vannas\u0131.<\/p>\n<p>\u0130st\u0259y\u0259 g\u00f6r\u0259 daha \u00e7ox foto\u015f\u0259kil<\/p>\n<\/div>","protected":false},"excerpt":{"rendered":"<p>Pour retrouver leurs douceur petit bain de mare de caf\u00e9. Plus de photos sur demande<\/p>","protected":false},"featured_media":4958,"comment_status":"closed","ping_status":"closed","template":"","meta":[],"product_brand":[],"product_cat":[],"product_tag":[],"class_list":{"0":"post-4957","1":"product","2":"type-product","3":"status-publish","4":"has-post-thumbnail","7":"first","8":"instock","9":"shipping-taxable","10":"purchasable","11":"product-type-simple"},"_links":{"self":[{"href":"https:\/\/divines.vendre-ses-pieds.fr\/az\/wp-json\/wp\/v2\/product\/4957","targetHints":{"allow":["GET"]}}],"collection":[{"href":"https:\/\/divines.vendre-ses-pieds.fr\/az\/wp-json\/wp\/v2\/product"}],"about":[{"href":"https:\/\/divines.vendre-ses-pieds.fr\/az\/wp-json\/wp\/v2\/types\/product"}],"replies":[{"embeddable":true,"href":"https:\/\/divines.vendre-ses-pieds.fr\/az\/wp-json\/wp\/v2\/comments?post=4957"}],"wp:featuredmedia":[{"embeddable":true,"href":"https:\/\/divines.vendre-ses-pieds.fr\/az\/wp-json\/wp\/v2\/media\/4958"}],"wp:attachment":[{"href":"https:\/\/divines.vendre-ses-pieds.fr\/az\/wp-json\/wp\/v2\/media?parent=4957"}],"wp:term":[{"taxonomy":"product_brand","embeddable":true,"href":"https:\/\/divines.vendre-ses-pieds.fr\/az\/wp-json\/wp\/v2\/product_brand?post=4957"},{"taxonomy":"product_cat","embeddable":true,"href":"https:\/\/divines.vendre-ses-pieds.fr\/az\/wp-json\/wp\/v2\/product_cat?post=4957"},{"taxonomy":"product_tag","embeddable":true,"href":"https:\/\/divines.vendre-ses-pieds.fr\/az\/wp-json\/wp\/v2\/product_tag?post=4957"}],"curies":[{"name":"wp","href":"https:\/\/api.w.org\/{rel}","templated":true}]}}