{"id":5852,"date":"2024-12-16T16:10:22","date_gmt":"2024-12-16T15:10:22","guid":{"rendered":"https:\/\/divines.vendre-ses-pieds.fr\/4-photos-du-genre-elegance-sexy\/"},"modified":"2025-01-12T16:20:37","modified_gmt":"2025-01-12T15:20:37","slug":"4-photos-du-genre-elegance-sexy","status":"publish","type":"product","link":"https:\/\/divines.vendre-ses-pieds.fr\/tr\/4-photos-du-genre-elegance-sexy\/","title":{"rendered":"Seksi zarafet t\u00fcr\u00fcn\u00fcn 4 foto\u011fraf\u0131"},"content":{"rendered":"","protected":false},"excerpt":{"rendered":"","protected":false},"featured_media":5853,"comment_status":"closed","ping_status":"closed","template":"","meta":[],"product_brand":[],"product_cat":[15],"product_tag":[],"class_list":{"0":"post-5852","1":"product","2":"type-product","3":"status-publish","4":"has-post-thumbnail","6":"product_cat-non-classe","8":"first","9":"instock","10":"shipping-taxable","11":"purchasable","12":"product-type-simple"},"_links":{"self":[{"href":"https:\/\/divines.vendre-ses-pieds.fr\/tr\/wp-json\/wp\/v2\/product\/5852","targetHints":{"allow":["GET"]}}],"collection":[{"href":"https:\/\/divines.vendre-ses-pieds.fr\/tr\/wp-json\/wp\/v2\/product"}],"about":[{"href":"https:\/\/divines.vendre-ses-pieds.fr\/tr\/wp-json\/wp\/v2\/types\/product"}],"replies":[{"embeddable":true,"href":"https:\/\/divines.vendre-ses-pieds.fr\/tr\/wp-json\/wp\/v2\/comments?post=5852"}],"wp:featuredmedia":[{"embeddable":true,"href":"https:\/\/divines.vendre-ses-pieds.fr\/tr\/wp-json\/wp\/v2\/media\/5853"}],"wp:attachment":[{"href":"https:\/\/divines.vendre-ses-pieds.fr\/tr\/wp-json\/wp\/v2\/media?parent=5852"}],"wp:term":[{"taxonomy":"product_brand","embeddable":true,"href":"https:\/\/divines.vendre-ses-pieds.fr\/tr\/wp-json\/wp\/v2\/product_brand?post=5852"},{"taxonomy":"product_cat","embeddable":true,"href":"https:\/\/divines.vendre-ses-pieds.fr\/tr\/wp-json\/wp\/v2\/product_cat?post=5852"},{"taxonomy":"product_tag","embeddable":true,"href":"https:\/\/divines.vendre-ses-pieds.fr\/tr\/wp-json\/wp\/v2\/product_tag?post=5852"}],"curies":[{"name":"wp","href":"https:\/\/api.w.org\/{rel}","templated":true}]}}